{"id":110,"date":"2024-01-20T21:24:36","date_gmt":"2024-01-20T20:24:36","guid":{"rendered":"https:\/\/assiegees.com\/?page_id=110"},"modified":"2024-05-31T23:22:24","modified_gmt":"2024-05-31T21:22:24","slug":"contribution","status":"publish","type":"page","link":"https:\/\/assiegees.com\/index.php\/contribution\/","title":{"rendered":"Contribution"},"content":{"rendered":"\t\t<div data-elementor-type=\"wp-page\" data-elementor-id=\"110\" class=\"elementor elementor-110\">\n\t\t\t\t<div class=\"elementor-element elementor-element-8f78cb0 e-flex e-con-boxed wpr-particle-no wpr-jarallax-no wpr-parallax-no wpr-sticky-section-no e-con e-parent\" data-id=\"8f78cb0\" data-element_type=\"container\" data-settings=\"{&quot;content_width&quot;:&quot;boxed&quot;,&quot;_ha_eqh_enable&quot;:false}\" data-core-v316-plus=\"true\">\n\t\t\t\t\t<div class=\"e-con-inner\">\n\t\t\t\t<div class=\"elementor-element elementor-element-a16b7fa elementor-widget elementor-widget-text-editor\" data-id=\"a16b7fa\" data-element_type=\"widget\" data-widget_type=\"text-editor.default\">\n\t\t\t\t<div class=\"elementor-widget-container\">\n\t\t\t<style>\/*! elementor - v3.19.0 - 07-02-2024 *\/\n.elementor-widget-text-editor.elementor-drop-cap-view-stacked .elementor-drop-cap{background-color:#69727d;color:#fff}.elementor-widget-text-editor.elementor-drop-cap-view-framed .elementor-drop-cap{color:#69727d;border:3px solid;background-color:transparent}.elementor-widget-text-editor:not(.elementor-drop-cap-view-default) .elementor-drop-cap{margin-top:8px}.elementor-widget-text-editor:not(.elementor-drop-cap-view-default) .elementor-drop-cap-letter{width:1em;height:1em}.elementor-widget-text-editor .elementor-drop-cap{float:left;text-align:center;line-height:1;font-size:50px}.elementor-widget-text-editor .elementor-drop-cap-letter{display:inline-block}<\/style>\t\t\t\t<div class=\"ebd-block   \" data-type=\"text\"><p><span class=\"OYPEnA text-decoration-none text-strikethrough-none\" data-redactor-tag=\"span\" data-redactor-class=\"OYPEnA text-decoration-none text-strikethrough-none\" data-verified=\"redactor\">EN 8 ANS, NOUS AVONS RE\u00c7U BEAUCOUP DE CONTRIBUTIONS QUE NOUS NE POUVIONS PUBLIER DU FAIT DES CONTRAINTES PROPRES \u00c0 L&#8217;\u00c9DITION D&#8217;UNE REVUE PAPIER. <\/span>POUR SE DONNER LE TEMPS ET LA POSSIBILIT\u00c9 DE VOUS PUBLIER, ON SE LANCE SUR UNE \u00c9DITION BLOG, AVEC DES ARTICLES ET DES INTERVENTIONS QUI NOURRISSENT NOTRE AGENDA POLITIQUE.<\/p><p><span class=\"OYPEnA text-decoration-none text-strikethrough-none\" data-redactor-tag=\"span\" data-redactor-class=\"OYPEnA text-decoration-none text-strikethrough-none\" data-verified=\"redactor\">&gt; ADRESSEZ VOTRE PROPOSITION \u00c0 L&#8217;ADRESSE :<\/span><\/p><p><span class=\"OYPEnA text-decoration-none text-strikethrough-none\" data-redactor-tag=\"span\" data-redactor-class=\"OYPEnA text-decoration-none text-strikethrough-none\" data-verified=\"redactor\"><span id=\"cloaka5dc5f9ce59b112641067a915908a2e1\"><a href=\"mailto:ASSIEGE.ES@GMAIL.COM\" rel=\"box-sizing: border-box; color: #343a40; background-color: transparent;\">ASSIEGE.ES@GMAIL.COM<\/a><\/span><\/span><\/p><ul><li>L&#8217;objet du mail doit inclure :<\/li><\/ul><p><span class=\"OYPEnA text-decoration-none text-strikethrough-none\" data-redactor-tag=\"span\" data-redactor-class=\"OYPEnA text-decoration-none text-strikethrough-none\" data-verified=\"redactor\">&gt; PROPOSITION D&#8217;ARTICLE + SUJET PROPOS\u00c9<\/span><\/p><ul><li>Pr\u00e9sentez vous ainsi que votre sujet.<\/li><\/ul><p><span class=\"OYPEnA text-decoration-none text-strikethrough-none\" data-redactor-tag=\"span\" data-redactor-class=\"OYPEnA text-decoration-none text-strikethrough-none\" data-verified=\"redactor\">&gt; IL N&#8217;EST PAS ESSENTIEL DE NOUS ENVOYER UN ARTICLE D\u00c9J\u00c0 PR\u00caT, IL PEUT \u00caTRE POSSIBLE D&#8217;ENVOYER UN PROJET ET NOUS VOUS ACCOMPAGNERONS DANS LE PROCESSUS DE RELECTURE ET D&#8217;\u00c9DITION.<\/span><\/p><ul><li>Lire notre revue et saisir la ligne \u00e9ditoriale :<\/li><\/ul><p><span class=\"OYPEnA text-decoration-none text-strikethrough-none\" data-redactor-tag=\"span\" data-redactor-class=\"OYPEnA text-decoration-none text-strikethrough-none\" data-verified=\"redactor\">&gt; ASSUREZ-VOUS QUE VOTRE SUJET RENTRE DANS NOTRE LIGNE \u00c9DITORIALE. ASSI\u00c9G\u00c9ES EST UNE REVUE F\u00c9MINISTE ANTI-RACISTE PAR ET POUR DES PERSONNES QUEER.TRANS.FEMINISTES NON-BLANCHES. PR\u00c9CISEZ DANS VOTRE MAIL LE GENRE ET LE FORMAT DE VOTRE \u00c9CRIT. NOUS ACCUEILLONS TOUTE INNOVATION DE FORME!<\/span><\/p><\/div>\t\t\t\t\t\t<\/div>\n\t\t\t\t<\/div>\n\t\t\t\t\t<\/div>\n\t\t\t\t<\/div>\n\t\t\t\t<\/div>\n\t\t","protected":false},"excerpt":{"rendered":"<p>EN 8 ANS, NOUS AVONS RE\u00c7U BEAUCOUP DE CONTRIBUTIONS QUE NOUS NE POUVIONS PUBLIER DU FAIT DES CONTRAINTES PROPRES \u00c0 L&#8217;\u00c9DITION D&#8217;UNE REVUE PAPIER. POUR SE DONNER LE TEMPS ET LA POSSIBILIT\u00c9 DE VOUS PUBLIER, ON SE LANCE SUR UNE \u00c9DITION BLOG, AVEC DES ARTICLES ET DES INTERVENTIONS QUI NOURRISSENT NOTRE AGENDA POLITIQUE. &gt; ADRESSEZ [&hellip;]<\/p>\n","protected":false},"author":4,"featured_media":0,"parent":0,"menu_order":0,"comment_status":"closed","ping_status":"closed","template":"elementor_header_footer","meta":{"om_disable_all_campaigns":false,"_monsterinsights_skip_tracking":false,"_monsterinsights_sitenote_active":false,"_monsterinsights_sitenote_note":"","_monsterinsights_sitenote_category":0,"footnotes":""},"class_list":["post-110","page","type-page","status-publish","hentry"],"aioseo_notices":[],"_links":{"self":[{"href":"https:\/\/assiegees.com\/index.php\/wp-json\/wp\/v2\/pages\/110","targetHints":{"allow":["GET"]}}],"collection":[{"href":"https:\/\/assiegees.com\/index.php\/wp-json\/wp\/v2\/pages"}],"about":[{"href":"https:\/\/assiegees.com\/index.php\/wp-json\/wp\/v2\/types\/page"}],"author":[{"embeddable":true,"href":"https:\/\/assiegees.com\/index.php\/wp-json\/wp\/v2\/users\/4"}],"replies":[{"embeddable":true,"href":"https:\/\/assiegees.com\/index.php\/wp-json\/wp\/v2\/comments?post=110"}],"version-history":[{"count":10,"href":"https:\/\/assiegees.com\/index.php\/wp-json\/wp\/v2\/pages\/110\/revisions"}],"predecessor-version":[{"id":527,"href":"https:\/\/assiegees.com\/index.php\/wp-json\/wp\/v2\/pages\/110\/revisions\/527"}],"wp:attachment":[{"href":"https:\/\/assiegees.com\/index.php\/wp-json\/wp\/v2\/media?parent=110"}],"curies":[{"name":"wp","href":"https:\/\/api.w.org\/{rel}","templated":true}]}}