{"id":146,"date":"2024-01-20T21:58:50","date_gmt":"2024-01-20T20:58:50","guid":{"rendered":"https:\/\/assiegees.com\/?page_id=146"},"modified":"2024-02-12T23:38:40","modified_gmt":"2024-02-12T22:38:40","slug":"la-revue","status":"publish","type":"page","link":"https:\/\/assiegees.com\/index.php\/la-revue\/","title":{"rendered":"La revue"},"content":{"rendered":"\t\t<div data-elementor-type=\"wp-page\" data-elementor-id=\"146\" class=\"elementor elementor-146\">\n\t\t\t\t<div class=\"elementor-element elementor-element-a510b74 elementor-hidden-desktop elementor-hidden-tablet elementor-hidden-mobile e-flex e-con-boxed wpr-particle-no wpr-jarallax-no wpr-parallax-no wpr-sticky-section-no e-con e-parent\" data-id=\"a510b74\" data-element_type=\"container\" data-settings=\"{&quot;content_width&quot;:&quot;boxed&quot;,&quot;_ha_eqh_enable&quot;:false}\" data-core-v316-plus=\"true\">\n\t\t\t\t\t<div class=\"e-con-inner\">\n\t\t\t\t<div class=\"elementor-element elementor-element-e9ae861 elementor-widget elementor-widget-heading\" data-id=\"e9ae861\" data-element_type=\"widget\" data-widget_type=\"heading.default\">\n\t\t\t\t<div class=\"elementor-widget-container\">\n\t\t\t<style>\/*! elementor - v3.19.0 - 07-02-2024 *\/\n.elementor-heading-title{padding:0;margin:0;line-height:1}.elementor-widget-heading .elementor-heading-title[class*=elementor-size-]>a{color:inherit;font-size:inherit;line-height:inherit}.elementor-widget-heading .elementor-heading-title.elementor-size-small{font-size:15px}.elementor-widget-heading .elementor-heading-title.elementor-size-medium{font-size:19px}.elementor-widget-heading .elementor-heading-title.elementor-size-large{font-size:29px}.elementor-widget-heading .elementor-heading-title.elementor-size-xl{font-size:39px}.elementor-widget-heading .elementor-heading-title.elementor-size-xxl{font-size:59px}<\/style><h2 class=\"elementor-heading-title elementor-size-default\">Commander la revue<\/h2>\t\t<\/div>\n\t\t\t\t<\/div>\n\t\t\t\t\t<\/div>\n\t\t\t\t<\/div>\n\t\t<div class=\"elementor-element elementor-element-80b26ba elementor-hidden-desktop elementor-hidden-tablet elementor-hidden-mobile e-flex e-con-boxed wpr-particle-no wpr-jarallax-no wpr-parallax-no wpr-sticky-section-no e-con e-parent\" data-id=\"80b26ba\" data-element_type=\"container\" data-settings=\"{&quot;content_width&quot;:&quot;boxed&quot;,&quot;_ha_eqh_enable&quot;:false}\" data-core-v316-plus=\"true\">\n\t\t\t\t\t<div class=\"e-con-inner\">\n\t\t\t\t<div class=\"elementor-element elementor-element-bceb0fd elementor-widget elementor-widget-text-editor\" data-id=\"bceb0fd\" data-element_type=\"widget\" data-widget_type=\"text-editor.default\">\n\t\t\t\t<div class=\"elementor-widget-container\">\n\t\t\t<style>\/*! elementor - v3.19.0 - 07-02-2024 *\/\n.elementor-widget-text-editor.elementor-drop-cap-view-stacked .elementor-drop-cap{background-color:#69727d;color:#fff}.elementor-widget-text-editor.elementor-drop-cap-view-framed .elementor-drop-cap{color:#69727d;border:3px solid;background-color:transparent}.elementor-widget-text-editor:not(.elementor-drop-cap-view-default) .elementor-drop-cap{margin-top:8px}.elementor-widget-text-editor:not(.elementor-drop-cap-view-default) .elementor-drop-cap-letter{width:1em;height:1em}.elementor-widget-text-editor .elementor-drop-cap{float:left;text-align:center;line-height:1;font-size:50px}.elementor-widget-text-editor .elementor-drop-cap-letter{display:inline-block}<\/style>\t\t\t\t<p>Les num\u00e9ros 2 \u00e0 5 sont disponibles en librairie, vous pouvez aussi les commander <a title=\"\" href=\"https:\/\/www.syllepse.net\/index.phtml?srub=36&amp;lng=FR&amp;SKEYWORD=assi%C3%A9g%C3%A9es\" target=\"_blank\" rel=\"noopener noreferrer\">ici<\/a>\u00a0<br \/><br \/><\/p><p>D\u00e9tail Assi\u00e9g\u00e9Es #1 &#8211; <a title=\"\" href=\"https:\/\/www.xn--assig-e-s-e4ab.com\/index.php\/recherche\/40-etau\">L&#8217;\u00c9TAU<\/a><\/p><p>D\u00e9tail Assi\u00e9g\u00e9Es #2\u00a0&#8211; LUTTER<\/p><p>D\u00e9tail Assi\u00e9g\u00e9Es #3\u00a0&#8211; URGENCES<\/p><p>D\u00e9tail Assi\u00e9g\u00e9Es #4\u00a0&#8211; UTOPIES<\/p><p>D\u00e9tail Assi\u00e9g\u00e9Es #5\u00a0&#8211; TRANSMETTRE<\/p><p>TOUS LES NUM\u00c9ROS SONT CONSULTABLE GRATUITEMENT EN LIGNE <a title=\"\" href=\"https:\/\/www.xn--assig-e-s-e4ab.com\/index.php\/recherche\/43-lire\">ICI<\/a><\/p>\t\t\t\t\t\t<\/div>\n\t\t\t\t<\/div>\n\t\t\t\t\t<\/div>\n\t\t\t\t<\/div>\n\t\t<div class=\"elementor-element elementor-element-a57af31 e-flex e-con-boxed wpr-particle-no wpr-jarallax-no wpr-parallax-no wpr-sticky-section-no e-con e-parent\" data-id=\"a57af31\" data-element_type=\"container\" data-settings=\"{&quot;content_width&quot;:&quot;boxed&quot;,&quot;_ha_eqh_enable&quot;:false}\" data-core-v316-plus=\"true\">\n\t\t\t\t\t<div class=\"e-con-inner\">\n\t\t\t\t<div class=\"elementor-element elementor-element-cc46272 upk-primary-meta-end-position--yes elementor-widget elementor-widget-upk-alter-grid\" data-id=\"cc46272\" data-element_type=\"widget\" data-widget_type=\"upk-alter-grid.default\">\n\t\t\t\t<div class=\"elementor-widget-container\">\n\t\t\t\n\t\t<div class=\"upk-alter-grid\">\n\t\t\t<div class=\"upk-post-grid upk-style-1\">\n\n\t\t\t\t\n\t\t\t\t\t\t\t<div class=\"upk-item\">\n\t\t\t<div class=\"upk-item-box\">\n\t\t\t\t<div class=\"upk-img-wrap\">\n\t\t\t\t\t<div class=\"upk-main-img\">\n\t\t\t\t\t\t<img fetchpriority=\"high\" decoding=\"async\" width=\"200\" height=\"300\" src=\"https:\/\/assiegees.com\/wp-content\/uploads\/2021\/04\/b2ap3_thumbnail_assigees-couv-5-200x300.jpg\" class=\"upk-img\" alt=\"5 &#8211; Transmettre\" srcset=\"https:\/\/assiegees.com\/wp-content\/uploads\/2021\/04\/b2ap3_thumbnail_assigees-couv-5-200x300.jpg 200w, https:\/\/assiegees.com\/wp-content\/uploads\/2021\/04\/b2ap3_thumbnail_assigees-couv-5.jpg 320w\" sizes=\"(max-width: 200px) 100vw, 200px\" \/>\t\t\t\t\t\t\t\t\t\t\t\t\t\t\t\t\t<\/div>\n\t\t\t\t<\/div>\n\n\t\t\t\t<div class=\"upk-content\">\n\t\t\t\t\t<div>\n\n\t\t\t\t\t\t\n\t\t\t\t\t\t<h3 class=\"upk-title\"><a href=\"https:\/\/assiegees.com\/index.php\/2021\/04\/15\/5-transmettre\/\" title=\"5 &#8211; Transmettre\" class=\"title-animation-underline\" >5 &#8211; Transmettre<\/a><\/h3>\t\t\t\t\t\t<div class=\"upk-text-wrap\">\n\t\t\t\t\t\t\t\t\t<div class=\"upk-text\">\n\t\t\t<p>Assi\u00e9g\u00e9Es vous pr\u00e9sente son 5\u00e8me num\u00e9ro : Transmettre. Commandez la revue directement sur le site des \u00c9ditions Syllepse. Lire la revue en ligne gratuitement : directement sur Issue. Transmettre Collection<\/p>\n\t\t<\/div>\n\t\t\t\t\t\t\t\t\t\t\t\t\t\t<\/div>\n\n\t\t\t\t\t\t\n\t\t\t\t\t<\/div>\n\t\t\t\t<\/div>\n\n\t\t\t<\/div>\n\t\t<\/div>\n\t\n\t\t\t\t\n\t\t\t\t\t\t\t<div class=\"upk-item\">\n\t\t\t<div class=\"upk-item-box\">\n\t\t\t\t<div class=\"upk-img-wrap\">\n\t\t\t\t\t<div class=\"upk-main-img\">\n\t\t\t\t\t\t<img decoding=\"async\" width=\"200\" height=\"300\" src=\"https:\/\/assiegees.com\/wp-content\/uploads\/2021\/04\/4-200x300.jpg\" class=\"upk-img\" alt=\"4 &#8211; Utopies\" srcset=\"https:\/\/assiegees.com\/wp-content\/uploads\/2021\/04\/4-200x300.jpg 200w, https:\/\/assiegees.com\/wp-content\/uploads\/2021\/04\/4-683x1024.jpg 683w, https:\/\/assiegees.com\/wp-content\/uploads\/2021\/04\/4-768x1152.jpg 768w, https:\/\/assiegees.com\/wp-content\/uploads\/2021\/04\/4-533x800.jpg 533w, https:\/\/assiegees.com\/wp-content\/uploads\/2021\/04\/4-433x649.jpg 433w, https:\/\/assiegees.com\/wp-content\/uploads\/2021\/04\/4.jpg 800w\" sizes=\"(max-width: 200px) 100vw, 200px\" \/>\t\t\t\t\t\t\t\t\t\t\t\t\t\t\t\t\t<\/div>\n\t\t\t\t<\/div>\n\n\t\t\t\t<div class=\"upk-content\">\n\t\t\t\t\t<div>\n\n\t\t\t\t\t\t\n\t\t\t\t\t\t<h3 class=\"upk-title\"><a href=\"https:\/\/assiegees.com\/index.php\/2020\/04\/18\/4-utopies\/\" title=\"4 &#8211; Utopies\" class=\"title-animation-underline\" >4 &#8211; Utopies<\/a><\/h3>\t\t\t\t\t\t<div class=\"upk-text-wrap\">\n\t\t\t\t\t\t\t\t\t<div class=\"upk-text\">\n\t\t\t<p>Assi\u00e9g\u00e9Es vous pr\u00e9sente son 4\u00e8me num\u00e9ro : Utopies.&nbsp; Commandez la revue directement sur le site des \u00c9ditions Syllepse.&nbsp; Collection : \u00ab F\u00e9minismes et genre \u00bb Parution : Septembre 2020&nbsp; Pages<\/p>\n\t\t<\/div>\n\t\t\t\t\t\t\t\t\t\t\t\t\t\t<\/div>\n\n\t\t\t\t\t\t\n\t\t\t\t\t<\/div>\n\t\t\t\t<\/div>\n\n\t\t\t<\/div>\n\t\t<\/div>\n\t\n\t\t\t\t\n\t\t\t\t\t\t\t<div class=\"upk-item\">\n\t\t\t<div class=\"upk-item-box\">\n\t\t\t\t<div class=\"upk-img-wrap\">\n\t\t\t\t\t<div class=\"upk-main-img\">\n\t\t\t\t\t\t<img decoding=\"async\" width=\"212\" height=\"300\" src=\"https:\/\/assiegees.com\/wp-content\/uploads\/2024\/01\/3-212x300.jpg\" class=\"upk-img\" alt=\"3 &#8211; Urgences\" srcset=\"https:\/\/assiegees.com\/wp-content\/uploads\/2024\/01\/3-212x300.jpg 212w, https:\/\/assiegees.com\/wp-content\/uploads\/2024\/01\/3-566x800.jpg 566w, https:\/\/assiegees.com\/wp-content\/uploads\/2024\/01\/3-459x649.jpg 459w, https:\/\/assiegees.com\/wp-content\/uploads\/2024\/01\/3.jpg 595w\" sizes=\"(max-width: 212px) 100vw, 212px\" \/>\t\t\t\t\t\t\t\t\t\t\t\t\t\t\t\t\t<\/div>\n\t\t\t\t<\/div>\n\n\t\t\t\t<div class=\"upk-content\">\n\t\t\t\t\t<div>\n\n\t\t\t\t\t\t\n\t\t\t\t\t\t<h3 class=\"upk-title\"><a href=\"https:\/\/assiegees.com\/index.php\/2018\/12\/18\/3-urgences\/\" title=\"3 &#8211; Urgences\" class=\"title-animation-underline\" >3 &#8211; Urgences<\/a><\/h3>\t\t\t\t\t\t<div class=\"upk-text-wrap\">\n\t\t\t\t\t\t\t\t\t<div class=\"upk-text\">\n\t\t\t<p>#3 Urgences Assi\u00e9g\u00e9Es vous pr\u00e9sente son troisi\u00e8me num\u00e9ro : Urgences Comme pour chaque num\u00e9ro l'\u00e9qupe d'Assi\u00e9g\u00e9Es s'occupe de la conception, r\u00e9alisation et impression dans le cadre d'un engagement militant. Pour<\/p>\n\t\t<\/div>\n\t\t\t\t\t\t\t\t\t\t\t\t\t\t<\/div>\n\n\t\t\t\t\t\t\n\t\t\t\t\t<\/div>\n\t\t\t\t<\/div>\n\n\t\t\t<\/div>\n\t\t<\/div>\n\t\n\t\t\t\t\n\t\t\t\t\t\t\t<div class=\"upk-item\">\n\t\t\t<div class=\"upk-item-box\">\n\t\t\t\t<div class=\"upk-img-wrap\">\n\t\t\t\t\t<div class=\"upk-main-img\">\n\t\t\t\t\t\t<img loading=\"lazy\" decoding=\"async\" width=\"212\" height=\"300\" src=\"https:\/\/assiegees.com\/wp-content\/uploads\/2024\/01\/assiegees-normal-fin-1-212x300.jpg\" class=\"upk-img\" alt=\"#2 Lutter\" srcset=\"https:\/\/assiegees.com\/wp-content\/uploads\/2024\/01\/assiegees-normal-fin-1-212x300.jpg 212w, https:\/\/assiegees.com\/wp-content\/uploads\/2024\/01\/assiegees-normal-fin-1-724x1024.jpg 724w, https:\/\/assiegees.com\/wp-content\/uploads\/2024\/01\/assiegees-normal-fin-1-768x1086.jpg 768w, https:\/\/assiegees.com\/wp-content\/uploads\/2024\/01\/assiegees-normal-fin-1-1086x1536.jpg 1086w, https:\/\/assiegees.com\/wp-content\/uploads\/2024\/01\/assiegees-normal-fin-1-1448x2048.jpg 1448w, https:\/\/assiegees.com\/wp-content\/uploads\/2024\/01\/assiegees-normal-fin-1-scaled.jpg 1810w\" sizes=\"(max-width: 212px) 100vw, 212px\" \/>\t\t\t\t\t\t\t\t\t\t\t\t\t\t\t\t\t<\/div>\n\t\t\t\t<\/div>\n\n\t\t\t\t<div class=\"upk-content\">\n\t\t\t\t\t<div>\n\n\t\t\t\t\t\t\n\t\t\t\t\t\t<h3 class=\"upk-title\"><a href=\"https:\/\/assiegees.com\/index.php\/2017\/01\/27\/2-lutter\/\" title=\"#2 Lutter\" class=\"title-animation-underline\" >#2 Lutter<\/a><\/h3>\t\t\t\t\t\t<div class=\"upk-text-wrap\">\n\t\t\t\t\t\t\t\t\t<div class=\"upk-text\">\n\t\t\t<p>Assi\u00e9g\u00e9Es vous pr\u00e9sente son deuxi\u00e8me num\u00e9ro : Lutter Prix unitaire : 15 \u20ac Livraison en France : 3,50 \u20ac Livraison dans l'U.E : 4,5 \u20ac&nbsp; Si vous \u00eates une association<\/p>\n\t\t<\/div>\n\t\t\t\t\t\t\t\t\t\t\t\t\t\t<\/div>\n\n\t\t\t\t\t\t\n\t\t\t\t\t<\/div>\n\t\t\t\t<\/div>\n\n\t\t\t<\/div>\n\t\t<\/div>\n\t\n\t\t\t\t\n\t\t\t\t\t\t\t<div class=\"upk-item\">\n\t\t\t<div class=\"upk-item-box\">\n\t\t\t\t<div class=\"upk-img-wrap\">\n\t\t\t\t\t<div class=\"upk-main-img\">\n\t\t\t\t\t\t<img loading=\"lazy\" decoding=\"async\" width=\"212\" height=\"300\" src=\"https:\/\/assiegees.com\/wp-content\/uploads\/2024\/01\/couv-212x300.jpg\" class=\"upk-img\" alt=\"#1 L&#8217;\u00c9tau\" srcset=\"https:\/\/assiegees.com\/wp-content\/uploads\/2024\/01\/couv-212x300.jpg 212w, https:\/\/assiegees.com\/wp-content\/uploads\/2024\/01\/couv.jpg 395w\" sizes=\"(max-width: 212px) 100vw, 212px\" \/>\t\t\t\t\t\t\t\t\t\t\t\t\t\t\t\t\t<\/div>\n\t\t\t\t<\/div>\n\n\t\t\t\t<div class=\"upk-content\">\n\t\t\t\t\t<div>\n\n\t\t\t\t\t\t\n\t\t\t\t\t\t<h3 class=\"upk-title\"><a href=\"https:\/\/assiegees.com\/index.php\/2015\/04\/08\/1-letau\/\" title=\"#1 L&#8217;\u00c9tau\" class=\"title-animation-underline\" >#1 L&#8217;\u00c9tau<\/a><\/h3>\t\t\t\t\t\t<div class=\"upk-text-wrap\">\n\t\t\t\t\t\t\t\t\t<div class=\"upk-text\">\n\t\t\t<p>Assi\u00e9g\u00e9Es vous pr\u00e9sente son premier num\u00e9ro : L\u2019\u00e9tau Dessin de couverture : Tableau de Fatomousso&nbsp; C\u00f4t\u00e9 France : on parlera de nos vies prises dans des syst\u00e8mes d\u2019oppression et d\u2019exploitation<\/p>\n\t\t<\/div>\n\t\t\t\t\t\t\t\t\t\t\t\t\t\t<\/div>\n\n\t\t\t\t\t\t\n\t\t\t\t\t<\/div>\n\t\t\t\t<\/div>\n\n\t\t\t<\/div>\n\t\t<\/div>\n\t\n\t\t\t\t\t\t\t<\/div>\n\t\t<\/div>\n\n\t\t\t\t\t<div class=\"ep-pagination\">\n\t\t\t\t\t\t\t<\/div>\n\t\t<\/div>\n\t\t\t\t<\/div>\n\t\t\t\t\t<\/div>\n\t\t\t\t<\/div>\n\t\t<div class=\"elementor-element elementor-element-724ffae elementor-hidden-desktop elementor-hidden-tablet elementor-hidden-mobile e-flex e-con-boxed wpr-particle-no wpr-jarallax-no wpr-parallax-no wpr-sticky-section-no e-con e-parent\" data-id=\"724ffae\" data-element_type=\"container\" data-settings=\"{&quot;content_width&quot;:&quot;boxed&quot;,&quot;_ha_eqh_enable&quot;:false}\" data-core-v316-plus=\"true\">\n\t\t\t\t\t<div class=\"e-con-inner\">\n\t\t\t\t<div class=\"elementor-element elementor-element-a5a7c25 elementor-widget elementor-widget-upk-hazel-grid\" data-id=\"a5a7c25\" data-element_type=\"widget\" data-widget_type=\"upk-hazel-grid.default\">\n\t\t\t\t<div class=\"elementor-widget-container\">\n\t\t\t\t\t<div class=\"upk-hazel-grid\">\n\t\t\t<div class=\"upk-post-grid upk-style-1 upk-text-position-bottom-left upk-content-style-1\">\n\n\t\t\t\t\n\t\t\t\t\t\t\t<div class=\"upk-item\">\n\t\t\t<div class=\"upk-item-box\">\n\t\t\t\t\n\t\t<img decoding=\"async\" class=\"upk-blog-image\" src=\"https:\/\/assiegees.com\/wp-content\/uploads\/2021\/04\/b2ap3_thumbnail_assigees-couv-5-200x300.jpg\" alt=\"5 &#8211; Transmettre\">\n\n\t\n\t\t\t\t<div class=\"upk-content\">\n\t\t\t\t\t<div class=\"upk-cetagory\">\n\t\t\t\t\t\t\t\t<div class=\"upk-blog-badge\">\n\t\t\t<span>\n\t\t\t\t<a href=\"https:\/\/assiegees.com\/index.php\/category\/revue\/\">revue<\/a>\t\t\t<\/span>\n\t\t<\/div>\n\t\t\t\t\t\t<\/div>\n\n\t\t\t\t\t<div class=\"upk-title-wrap\">\n\t\t\t\t\t\t<h3 class=\"upk-title\"><a href=\"https:\/\/assiegees.com\/index.php\/2021\/04\/15\/5-transmettre\/\" title=\"5 &#8211; Transmettre\" class=\"upk-blog-title\">5 &#8211; Transmettre<\/a><\/h3>\t\t\t\t\t<\/div>\n\n\t\t\t\t\t\t\t\t\t\t\t<div class=\"upk-meta\">\n\t\t\t\t\t\t\t\n\t\t<div class=\"upk-blog-author\">\n\t\t\t<span class=\"by\">by<\/span>\n\t\t\t<span class=\"upk-post-grid-author\">\n\t\t\t\t<a href=\"https:\/\/assiegees.com\/index.php\/author\/admin4617\/\">\n\t\t\t\t\tadmin4617\t\t\t\t<\/a>\n\t\t\t<\/span>\n\t\t<\/div>\n\n\t\n\t\t\t\t\t\t\t\t\t\t\t\t\t\t\t<div data-separator=\"-\">\n\t\t\t\t\t\t\t\t\t<div class=\"upk-date\">\n\t\t\t\t\t\t\t\t\t\t<i class=\"upk-icon-calendar\" aria-hidden=\"true\"><\/i>15 avril 2021\t\t\t\t\t\t\t\t\t<\/div>\n\t\t\t\t\t\t\t\t\n\t\t\t\t\t\t\t\t\t\t\t\t\t\t\t\t\t<\/div>\n\t\t\t\t\t\t\t\n\t\t\t\t\t\t\t\t\t\t\t\t\t<\/div>\n\t\t\t\t\t\n\n\t\t\t\t<\/div>\n\t\t\t<\/div>\n\t\t<\/div>\n\t\n\t\t\t\t\n\t\t\t\t\t\t\t<div class=\"upk-item\">\n\t\t\t<div class=\"upk-item-box\">\n\t\t\t\t\n\t\t<img decoding=\"async\" class=\"upk-blog-image\" src=\"https:\/\/assiegees.com\/wp-content\/uploads\/2021\/04\/4-200x300.jpg\" alt=\"4 &#8211; Utopies\">\n\n\t\n\t\t\t\t<div class=\"upk-content\">\n\t\t\t\t\t<div class=\"upk-cetagory\">\n\t\t\t\t\t\t\t\t<div class=\"upk-blog-badge\">\n\t\t\t<span>\n\t\t\t\t<a href=\"https:\/\/assiegees.com\/index.php\/category\/revue\/\">revue<\/a>\t\t\t<\/span>\n\t\t<\/div>\n\t\t\t\t\t\t<\/div>\n\n\t\t\t\t\t<div class=\"upk-title-wrap\">\n\t\t\t\t\t\t<h3 class=\"upk-title\"><a href=\"https:\/\/assiegees.com\/index.php\/2020\/04\/18\/4-utopies\/\" title=\"4 &#8211; Utopies\" class=\"upk-blog-title\">4 &#8211; Utopies<\/a><\/h3>\t\t\t\t\t<\/div>\n\n\t\t\t\t\t\t\t\t\t\t\t<div class=\"upk-meta\">\n\t\t\t\t\t\t\t\n\t\t<div class=\"upk-blog-author\">\n\t\t\t<span class=\"by\">by<\/span>\n\t\t\t<span class=\"upk-post-grid-author\">\n\t\t\t\t<a href=\"https:\/\/assiegees.com\/index.php\/author\/admin4617\/\">\n\t\t\t\t\tadmin4617\t\t\t\t<\/a>\n\t\t\t<\/span>\n\t\t<\/div>\n\n\t\n\t\t\t\t\t\t\t\t\t\t\t\t\t\t\t<div data-separator=\"-\">\n\t\t\t\t\t\t\t\t\t<div class=\"upk-date\">\n\t\t\t\t\t\t\t\t\t\t<i class=\"upk-icon-calendar\" aria-hidden=\"true\"><\/i>18 avril 2020\t\t\t\t\t\t\t\t\t<\/div>\n\t\t\t\t\t\t\t\t\n\t\t\t\t\t\t\t\t\t\t\t\t\t\t\t\t\t<\/div>\n\t\t\t\t\t\t\t\n\t\t\t\t\t\t\t\t\t\t\t\t\t<\/div>\n\t\t\t\t\t\n\n\t\t\t\t<\/div>\n\t\t\t<\/div>\n\t\t<\/div>\n\t\n\t\t\t\t\n\t\t\t\t\t\t\t<div class=\"upk-item\">\n\t\t\t<div class=\"upk-item-box\">\n\t\t\t\t\n\t\t<img decoding=\"async\" class=\"upk-blog-image\" src=\"https:\/\/assiegees.com\/wp-content\/uploads\/2024\/01\/3-212x300.jpg\" alt=\"3 &#8211; Urgences\">\n\n\t\n\t\t\t\t<div class=\"upk-content\">\n\t\t\t\t\t<div class=\"upk-cetagory\">\n\t\t\t\t\t\t\t\t<div class=\"upk-blog-badge\">\n\t\t\t<span>\n\t\t\t\t<a href=\"https:\/\/assiegees.com\/index.php\/category\/revue\/\">revue<\/a>\t\t\t<\/span>\n\t\t<\/div>\n\t\t\t\t\t\t<\/div>\n\n\t\t\t\t\t<div class=\"upk-title-wrap\">\n\t\t\t\t\t\t<h3 class=\"upk-title\"><a href=\"https:\/\/assiegees.com\/index.php\/2018\/12\/18\/3-urgences\/\" title=\"3 &#8211; Urgences\" class=\"upk-blog-title\">3 &#8211; Urgences<\/a><\/h3>\t\t\t\t\t<\/div>\n\n\t\t\t\t\t\t\t\t\t\t\t<div class=\"upk-meta\">\n\t\t\t\t\t\t\t\n\t\t<div class=\"upk-blog-author\">\n\t\t\t<span class=\"by\">by<\/span>\n\t\t\t<span class=\"upk-post-grid-author\">\n\t\t\t\t<a href=\"https:\/\/assiegees.com\/index.php\/author\/admin4617\/\">\n\t\t\t\t\tadmin4617\t\t\t\t<\/a>\n\t\t\t<\/span>\n\t\t<\/div>\n\n\t\n\t\t\t\t\t\t\t\t\t\t\t\t\t\t\t<div data-separator=\"-\">\n\t\t\t\t\t\t\t\t\t<div class=\"upk-date\">\n\t\t\t\t\t\t\t\t\t\t<i class=\"upk-icon-calendar\" aria-hidden=\"true\"><\/i>18 d\u00e9cembre 2018\t\t\t\t\t\t\t\t\t<\/div>\n\t\t\t\t\t\t\t\t\n\t\t\t\t\t\t\t\t\t\t\t\t\t\t\t\t\t<\/div>\n\t\t\t\t\t\t\t\n\t\t\t\t\t\t\t\t\t\t\t\t\t<\/div>\n\t\t\t\t\t\n\n\t\t\t\t<\/div>\n\t\t\t<\/div>\n\t\t<\/div>\n\t\n\t\t\t\t\n\t\t\t\t\t\t\t<div class=\"upk-item\">\n\t\t\t<div class=\"upk-item-box\">\n\t\t\t\t\n\t\t<img decoding=\"async\" class=\"upk-blog-image\" src=\"https:\/\/assiegees.com\/wp-content\/uploads\/2024\/01\/assiegees-normal-fin-1-212x300.jpg\" alt=\"#2 Lutter\">\n\n\t\n\t\t\t\t<div class=\"upk-content\">\n\t\t\t\t\t<div class=\"upk-cetagory\">\n\t\t\t\t\t\t\t\t<div class=\"upk-blog-badge\">\n\t\t\t<span>\n\t\t\t\t<a href=\"https:\/\/assiegees.com\/index.php\/category\/revue\/\">revue<\/a>\t\t\t<\/span>\n\t\t<\/div>\n\t\t\t\t\t\t<\/div>\n\n\t\t\t\t\t<div class=\"upk-title-wrap\">\n\t\t\t\t\t\t<h3 class=\"upk-title\"><a href=\"https:\/\/assiegees.com\/index.php\/2017\/01\/27\/2-lutter\/\" title=\"#2 Lutter\" class=\"upk-blog-title\">#2 Lutter<\/a><\/h3>\t\t\t\t\t<\/div>\n\n\t\t\t\t\t\t\t\t\t\t\t<div class=\"upk-meta\">\n\t\t\t\t\t\t\t\n\t\t<div class=\"upk-blog-author\">\n\t\t\t<span class=\"by\">by<\/span>\n\t\t\t<span class=\"upk-post-grid-author\">\n\t\t\t\t<a href=\"https:\/\/assiegees.com\/index.php\/author\/admin4617\/\">\n\t\t\t\t\tadmin4617\t\t\t\t<\/a>\n\t\t\t<\/span>\n\t\t<\/div>\n\n\t\n\t\t\t\t\t\t\t\t\t\t\t\t\t\t\t<div data-separator=\"-\">\n\t\t\t\t\t\t\t\t\t<div class=\"upk-date\">\n\t\t\t\t\t\t\t\t\t\t<i class=\"upk-icon-calendar\" aria-hidden=\"true\"><\/i>27 janvier 2017\t\t\t\t\t\t\t\t\t<\/div>\n\t\t\t\t\t\t\t\t\n\t\t\t\t\t\t\t\t\t\t\t\t\t\t\t\t\t<\/div>\n\t\t\t\t\t\t\t\n\t\t\t\t\t\t\t\t\t\t\t\t\t<\/div>\n\t\t\t\t\t\n\n\t\t\t\t<\/div>\n\t\t\t<\/div>\n\t\t<\/div>\n\t\n\t\t\t\t\n\t\t\t\t\t\t\t<div class=\"upk-item\">\n\t\t\t<div class=\"upk-item-box\">\n\t\t\t\t\n\t\t<img decoding=\"async\" class=\"upk-blog-image\" src=\"https:\/\/assiegees.com\/wp-content\/uploads\/2024\/01\/couv-212x300.jpg\" alt=\"#1 L&#8217;\u00c9tau\">\n\n\t\n\t\t\t\t<div class=\"upk-content\">\n\t\t\t\t\t<div class=\"upk-cetagory\">\n\t\t\t\t\t\t\t\t<div class=\"upk-blog-badge\">\n\t\t\t<span>\n\t\t\t\t<a href=\"https:\/\/assiegees.com\/index.php\/category\/revue\/\">revue<\/a>\t\t\t<\/span>\n\t\t<\/div>\n\t\t\t\t\t\t<\/div>\n\n\t\t\t\t\t<div class=\"upk-title-wrap\">\n\t\t\t\t\t\t<h3 class=\"upk-title\"><a href=\"https:\/\/assiegees.com\/index.php\/2015\/04\/08\/1-letau\/\" title=\"#1 L&#8217;\u00c9tau\" class=\"upk-blog-title\">#1 L&#8217;\u00c9tau<\/a><\/h3>\t\t\t\t\t<\/div>\n\n\t\t\t\t\t\t\t\t\t\t\t<div class=\"upk-meta\">\n\t\t\t\t\t\t\t\n\t\t<div class=\"upk-blog-author\">\n\t\t\t<span class=\"by\">by<\/span>\n\t\t\t<span class=\"upk-post-grid-author\">\n\t\t\t\t<a href=\"https:\/\/assiegees.com\/index.php\/author\/admin4617\/\">\n\t\t\t\t\tadmin4617\t\t\t\t<\/a>\n\t\t\t<\/span>\n\t\t<\/div>\n\n\t\n\t\t\t\t\t\t\t\t\t\t\t\t\t\t\t<div data-separator=\"-\">\n\t\t\t\t\t\t\t\t\t<div class=\"upk-date\">\n\t\t\t\t\t\t\t\t\t\t<i class=\"upk-icon-calendar\" aria-hidden=\"true\"><\/i>8 avril 2015\t\t\t\t\t\t\t\t\t<\/div>\n\t\t\t\t\t\t\t\t\n\t\t\t\t\t\t\t\t\t\t\t\t\t\t\t\t\t<\/div>\n\t\t\t\t\t\t\t\n\t\t\t\t\t\t\t\t\t\t\t\t\t<\/div>\n\t\t\t\t\t\n\n\t\t\t\t<\/div>\n\t\t\t<\/div>\n\t\t<\/div>\n\t\n\t\t\t\t\t\t\t<\/div>\n\t\t<\/div>\n\n\t\t\t\t<\/div>\n\t\t\t\t<\/div>\n\t\t\t\t\t<\/div>\n\t\t\t\t<\/div>\n\t\t<div class=\"elementor-element elementor-element-6bb99f8 elementor-hidden-desktop elementor-hidden-tablet elementor-hidden-mobile e-flex e-con-boxed wpr-particle-no wpr-jarallax-no wpr-parallax-no wpr-sticky-section-no e-con e-parent\" data-id=\"6bb99f8\" data-element_type=\"container\" data-settings=\"{&quot;content_width&quot;:&quot;boxed&quot;,&quot;_ha_eqh_enable&quot;:false}\" data-core-v316-plus=\"true\">\n\t\t\t\t\t<div class=\"e-con-inner\">\n\t\t\t\t<div class=\"elementor-element elementor-element-176ef05 elementor-widget elementor-widget-text-editor\" data-id=\"176ef05\" data-element_type=\"widget\" data-widget_type=\"text-editor.default\">\n\t\t\t\t<div class=\"elementor-widget-container\">\n\t\t\t\t\t\t\t<div class=\"page-header\"><h2>Lire la revue<\/h2><\/div><div class=\"article-aside\">\u00a0<\/div><div class=\"article-body\"><p>Soutenez Assi\u00e9g\u00e9Es en commandant la version papier, en <a href=\"https:\/\/www.xn--assig-e-s-e4ab.com\/index.php\/blog\/21-les-numeros\">cliquant ici.<\/a><\/p><p><strong>#5 &#8211; TRANSMETTRE<\/strong><\/p><div><iframe src=\"https:\/\/e.issuu.com\/embed.html?d=maquette_web&amp;u=assiege-e-s\" sandbox=\"allow-top-navigation allow-top-navigation-by-user-activation allow-downloads allow-scripts allow-same-origin allow-popups allow-modals allow-popups-to-escape-sandbox\" allowfullscreen=\"allowfullscreen\" data-dashlane-frameid=\"6208\" data-mce-fragment=\"1\"><\/iframe><\/div><p>\u00a0<\/p><p><strong>#4 &#8211; UTOPIES<\/strong><\/p><p><iframe src=\"https:\/\/e.issuu.com\/embed.html?d=revue_nume_rique_correction_finale_&amp;u=assiege-e-s\" allowfullscreen=\"allowfullscreen\" data-dashlane-frameid=\"6210\" data-mce-fragment=\"1\"><\/iframe><\/p><p>\u00a0<\/p><p><strong>#3 &#8211; URGENCES<\/strong><\/p><p><iframe src=\"https:\/\/e.issuu.com\/embed.html?d=maquette-v2-small&amp;u=assiege-e-s\" allowfullscreen=\"allowfullscreen\" data-dashlane-frameid=\"6211\" data-mce-fragment=\"1\"><\/iframe><\/p><p><strong>#2 &#8211; LUTTER<\/strong><\/p><div class=\"issuuembed\" data-configid=\"15675113\/45628942\">\u00a0<\/div><p>\u00a0<\/p><p>\u00a0<\/p><p><strong>#1 &#8211; L&#8217; \u00c9TAU<\/strong>\u00a0<\/p><div class=\"issuuembed\" data-configid=\"15675113\/13351890\">\u00a0<\/div><\/div>\t\t\t\t\t\t<\/div>\n\t\t\t\t<\/div>\n\t\t\t\t\t<\/div>\n\t\t\t\t<\/div>\n\t\t\t\t<\/div>\n\t\t","protected":false},"excerpt":{"rendered":"<p>Commander la revue Les num\u00e9ros 2 \u00e0 5 sont disponibles en librairie, vous pouvez aussi les commander ici\u00a0 D\u00e9tail Assi\u00e9g\u00e9Es #1 &#8211; L&#8217;\u00c9TAU D\u00e9tail Assi\u00e9g\u00e9Es #2\u00a0&#8211; LUTTER D\u00e9tail Assi\u00e9g\u00e9Es #3\u00a0&#8211; URGENCES D\u00e9tail Assi\u00e9g\u00e9Es #4\u00a0&#8211; UTOPIES D\u00e9tail Assi\u00e9g\u00e9Es #5\u00a0&#8211; TRANSMETTRE TOUS LES NUM\u00c9ROS SONT CONSULTABLE GRATUITEMENT EN LIGNE ICI 5 &#8211; Transmettre Assi\u00e9g\u00e9Es vous pr\u00e9sente son [&hellip;]<\/p>\n","protected":false},"author":4,"featured_media":0,"parent":0,"menu_order":0,"comment_status":"closed","ping_status":"closed","template":"elementor_header_footer","meta":{"om_disable_all_campaigns":false,"_monsterinsights_skip_tracking":false,"_monsterinsights_sitenote_active":false,"_monsterinsights_sitenote_note":"","_monsterinsights_sitenote_category":0,"footnotes":""},"class_list":["post-146","page","type-page","status-publish","hentry"],"aioseo_notices":[],"_links":{"self":[{"href":"https:\/\/assiegees.com\/index.php\/wp-json\/wp\/v2\/pages\/146","targetHints":{"allow":["GET"]}}],"collection":[{"href":"https:\/\/assiegees.com\/index.php\/wp-json\/wp\/v2\/pages"}],"about":[{"href":"https:\/\/assiegees.com\/index.php\/wp-json\/wp\/v2\/types\/page"}],"author":[{"embeddable":true,"href":"https:\/\/assiegees.com\/index.php\/wp-json\/wp\/v2\/users\/4"}],"replies":[{"embeddable":true,"href":"https:\/\/assiegees.com\/index.php\/wp-json\/wp\/v2\/comments?post=146"}],"version-history":[{"count":29,"href":"https:\/\/assiegees.com\/index.php\/wp-json\/wp\/v2\/pages\/146\/revisions"}],"predecessor-version":[{"id":413,"href":"https:\/\/assiegees.com\/index.php\/wp-json\/wp\/v2\/pages\/146\/revisions\/413"}],"wp:attachment":[{"href":"https:\/\/assiegees.com\/index.php\/wp-json\/wp\/v2\/media?parent=146"}],"curies":[{"name":"wp","href":"https:\/\/api.w.org\/{rel}","templated":true}]}}